{"id":16,"date":"2022-10-18T21:14:52","date_gmt":"2022-10-18T21:14:52","guid":{"rendered":"https:\/\/pastograndelithium.com\/?page_id=16"},"modified":"2025-10-03T17:15:39","modified_gmt":"2025-10-03T17:15:39","slug":"acerca-de-nosotros","status":"publish","type":"page","link":"https:\/\/pastograndegroup.com\/es\/acerca-de-nosotros\/","title":{"rendered":"Qui\u00e9nes somos"},"content":{"rendered":"<h1>Acerca del Grupo Pasto Grande<\/h1>\n<div>Explotaci\u00f3n minera en el sur de Per\u00fa (departamento de Puno) centrada en el litio, el oro, la plata, el plomo, el cobre y el zinc, de forma responsable y sostenible.<\/div>\n<div>El Grupo Pasto Grande es una empresa minera que opera en el sur de Per\u00fa, concretamente en el departamento de Puno, una regi\u00f3n conocida por sus favorables condiciones geol\u00f3gicas que facilitan la aparici\u00f3n de litio, oro, plata, plomo, cobre y zinc.<\/div>\n<h1>De un vistazo<\/h1>\n<div>\n<p>- Ubicaci\u00f3n: Puno, Per\u00fa<\/p>\n<p>- Materias primas: Li, Au, Ag, Pb, Zn, Cu (potencial Fe)<\/p>\n<p>- Modelo: Concesiones propias + asociaciones<\/p>\n<p>- Mercados: Productos refinados para la exportaci\u00f3n<\/p>\n<\/div>\n<h2>Acerca del Grupo Pasto Grande<\/h2>\n<ul>\n<li>\n<h3><strong>Responsable y sostenible<\/strong><\/h3>\n<p>Operamos de forma responsable y sostenible, garantizando que nuestras actividades respeten el medio ambiente y las comunidades locales.<\/p>\n<\/li>\n<li>\n<h3><strong> Seguridad y conformidad<\/strong><\/h3>\n<p>Mantenemos altos niveles de seguridad, calidad y cumplimiento de la normativa para influir positivamente en la industria y la sociedad.<\/p>\n<\/li>\n<li>\n<h3><strong> Innovaci\u00f3n y eficiencia<\/strong><\/h3>\n<p>Nuestro enfoque hace hincapi\u00e9 en la eficiencia operativa, la innovaci\u00f3n tecnol\u00f3gica y la gesti\u00f3n responsable del medio ambiente, en consonancia con las mejores pr\u00e1cticas mundiales.<\/p>\n<\/li>\n<\/ul>\n<h2>Qui\u00e9nes somos<\/h2>\n<div>\n<p>Somos Pasto Grande Group, una empresa minera con sede en Puno, Per\u00fa, dedicada a la extracci\u00f3n y procesamiento de metales preciosos como el oro y la plata. Tambi\u00e9n contamos con importantes reservas de litio y otros minerales estrat\u00e9gicos, como plomo, zinc, cobre y hierro.<\/p>\n<p>Operamos en la sierra de los Andes peruanos bajo estrictas normas de calidad, sostenibilidad y trazabilidad. Nuestras actividades mineras se basan en concesiones propias y asociaciones estrat\u00e9gicas para garantizar un suministro de recursos eficiente y responsable.<\/p>\n<p>Comprometidos con la excelencia y el desarrollo de la industria, nuestros productos refinados se comercializan exclusivamente en los mercados internacionales, garantizando procesos transparentes y de alto valor a\u00f1adido.<\/p>\n<\/div>\n<ul>\n<li>\n<h5>Calidad - Sostenibilidad - Trazabilidad<\/h5>\n<p>Normas<\/p>\n<\/li>\n<li>\n<h5>Concesiones en propiedad + Asociaciones<\/h5>\n<p>Modelo<\/p>\n<\/li>\n<\/ul>\n<p><img decoding=\"async\" src=\"\/wp-content\/uploads\/2025\/10\/about-team.jpg\" alt=\"\"><\/p>\n<h2>Propiedades mineras<\/h2>\n<div>\n<p>El Grupo Pasto Grande posee y explota concesiones mineras estrat\u00e9gicas en la sierra de los Andes peruanos, lo que garantiza el suministro de minerales de alta calidad. Contamos con yacimientos propios de oro, plata y litio, adem\u00e1s de importantes recursos de plomo, zinc, cobre y hierro.<\/p>\n<\/div>\n<ul>\n<li>\n<p>        <img decoding=\"async\" src=\"\/wp-content\/uploads\/2025\/10\/about-asset-1.jpg\" alt=\"\"><\/p>\n<h3>Litio<\/h3>\n<div>\n<p>Concesiones propias en Puno con socios estrat\u00e9gicos para su desarrollo.<\/p>\n<p>- Tipo de yacimiento: Salmuera \/ pegmatita (actualizaci\u00f3n)<br \/>- Estado: Exploraci\u00f3n \u2192 Predesarrollo<\/p>\n<\/div>\n<\/li>\n<li>\n<p>        <img decoding=\"async\" src=\"\/wp-content\/uploads\/2025\/10\/about-asset-2.jpg\" alt=\"\"><\/p>\n<h3>Oro y plata<\/h3>\n<div>\n<p>Metales preciosos con v\u00edas de transformaci\u00f3n establecidas.<\/p>\n<p>- Operaciones: Corredor altoandino<br \/>- Enfoque: Control de calidad y trazabilidad<\/p>\n<\/div>\n<\/li>\n<li>\n<p>        <img decoding=\"async\" src=\"\/wp-content\/uploads\/2025\/10\/about-asset-3.jpg\" alt=\"\"><\/p>\n<h3>Metales comunes<\/h3>\n<div>\n<p>Plomo, zinc, cobre (potencial de hierro) en objetivos estrat\u00e9gicos.<\/p>\n<p>- Flujos de trabajo: Cartograf\u00eda y muestreo<br \/>- Pr\u00f3xima etapa: Estudios detallados<\/p>\n<\/div>\n<\/li>\n<\/ul>\n<h2>Trabajar con el Grupo Pasto Grande<\/h2>\n<div>Asociaciones, inversiones, acuerdos de extracci\u00f3n y colaboraci\u00f3n t\u00e9cnica.<\/div>\n<div><a href=\"\/es\/pongase-en-contacto-con\/\" class=\"el-link uk-button uk-button-secondary\">Contacte con nosotros<\/a><\/div>\n<p><!--more--><br \/>\n<!-- {\"type\":\"layout\",\"children\":[{\"name\":\"Hero\",\"type\":\"section\",\"props\":{\"height\":\"viewport\",\"height_viewport\":40,\"image\":\"wp-content\\\/uploads\\\/2025\\\/10\\\/about-hero.jpg\",\"image_position\":\"center-center\",\"image_size\":\"cover\",\"image_width\":2560,\"padding_remove_top\":false,\"style\":\"muted\",\"text_color\":\"light\",\"title_breakpoint\":\"xl\",\"title_position\":\"top-left\",\"title_rotation\":\"left\",\"vertical_align\":\"bottom\",\"width\":\"\"},\"children\":[{\"type\":\"row\",\"props\":{\"margin_remove_top\":false},\"children\":[{\"type\":\"column\",\"props\":{\"image_position\":\"center-center\",\"position_sticky_breakpoint\":\"m\",\"vertical_align\":\"bottom\",\"width_medium\":\"1-1\"},\"children\":[{\"type\":\"headline\",\"props\":{\"block_align\":\"center\",\"content\":\"About Pasto Grande Group\",\"maxwidth\":\"2xlarge\",\"text_align\":\"left\",\"title_element\":\"h1\",\"title_style\":\"heading-medium\"}},{\"type\":\"text\",\"props\":{\"block_align\":\"center\",\"column_breakpoint\":\"m\",\"content\":\"Mining in southern Peru (Department of Puno) with a focus on lithium, gold, silver, lead, copper, and zinc \\u2014 operated responsibly and sustainably.\",\"margin\":\"default\",\"maxwidth\":\"2xlarge\",\"text_align\":\"left\",\"text_color\":\"emphasis\",\"text_style\":\"lead\"}}]}]}]},{\"name\":\"About\",\"type\":\"section\",\"props\":{\"animation\":\"fade\",\"animation_delay\":false,\"image_position\":\"bottom-right\",\"padding_remove_top\":false,\"style\":\"muted\",\"title_breakpoint\":\"xl\",\"title_position\":\"top-left\",\"title_rotation\":\"left\",\"vertical_align\":\"\",\"width\":\"large\"},\"children\":[{\"type\":\"row\",\"props\":{\"column_gap\":\"large\",\"layout\":\"1-2,1-2\",\"margin\":\"small\",\"row_gap\":\"small\"},\"children\":[{\"type\":\"column\",\"props\":{\"image_position\":\"center-center\",\"position_sticky_breakpoint\":\"m\",\"width_medium\":\"1-2\"},\"children\":[{\"type\":\"text\",\"props\":{\"column_breakpoint\":\"m\",\"content\":\"Pasto Grande Group is a mining company operating in southern Peru, specifically in the Department of Puno, a region renowned for its favorable geological conditions that facilitate the occurrence of lithium, gold, silver, lead, copper, and zinc.\",\"margin\":\"default\"}}]},{\"type\":\"column\",\"props\":{\"image_position\":\"center-center\",\"position_sticky_breakpoint\":\"m\",\"style\":\"card-default\",\"width_medium\":\"1-2\"},\"children\":[{\"type\":\"headline\",\"props\":{\"content\":\"At a Glance\",\"title_color\":\"emphasis\",\"title_element\":\"h1\",\"title_style\":\"h4\"}},{\"type\":\"text\",\"props\":{\"column_breakpoint\":\"m\",\"content\":\"\n\n<p>\\u2022 Location: High-Andean Puno, Peru<\\\/p>\\n\n\n<p>\\u2022 Commodities: Li, Au, Ag, Pb, Zn, Cu (Fe potential)<\\\/p>\\n\n\n<p>\\u2022 Model: Owned concessions + partnerships<\\\/p>\\n\n\n<p>\\u2022 Markets: Refined products for export<\\\/p>\",\"margin\":\"default\"}}]}]}]},{\"type\":\"section\",\"props\":{\"image_position\":\"center-center\",\"style\":\"default\",\"title_breakpoint\":\"xl\",\"title_position\":\"top-left\",\"title_rotation\":\"left\",\"vertical_align\":\"middle\",\"width\":\"large\"},\"children\":[{\"type\":\"row\",\"children\":[{\"type\":\"column\",\"props\":{\"image_position\":\"center-center\",\"position_sticky_breakpoint\":\"m\"},\"children\":[{\"type\":\"headline\",\"props\":{\"content\":\"About Pasto Grande Group\",\"title_element\":\"h2\",\"title_style\":\"heading-small\"}},{\"type\":\"grid\",\"props\":{\"content_column_breakpoint\":\"m\",\"content_style\":\"text-small\",\"filter_align\":\"left\",\"filter_all\":true,\"filter_grid_breakpoint\":\"m\",\"filter_grid_width\":\"auto\",\"filter_position\":\"top\",\"filter_style\":\"tab\",\"grid_column_gap\":\"medium\",\"grid_default\":\"1\",\"grid_medium\":\"3\",\"icon_width\":80,\"image_align\":\"top\",\"image_grid_breakpoint\":\"m\",\"image_grid_width\":\"1-2\",\"image_svg_color\":\"emphasis\",\"item_animation\":true,\"lightbox_bg_close\":true,\"link_style\":\"default\",\"link_text\":\"Read more\",\"margin\":\"medium\",\"meta_align\":\"below-title\",\"meta_element\":\"div\",\"meta_style\":\"\",\"panel_padding\":\"small\",\"panel_style\":\"card-default\",\"show_content\":true,\"show_hover_image\":true,\"show_hover_video\":true,\"show_image\":true,\"show_link\":true,\"show_meta\":true,\"show_title\":true,\"show_video\":true,\"title_align\":\"top\",\"title_element\":\"h3\",\"title_grid_breakpoint\":\"m\",\"title_grid_width\":\"1-2\",\"title_hover_style\":\"reset\",\"title_style\":\"h5\"},\"children\":[{\"type\":\"grid_item\",\"props\":{\"content\":\"\",\"meta\":\"We operate responsibly and sustainably, ensuring our activities respect the environment and local communities.\",\"title\":\"<strong>Responsible & Sustainable<\\\/strong>\"}},{\"type\":\"grid_item\",\"props\":{\"content\":\"\",\"meta\":\"We maintain high standards in safety, quality, and regulatory compliance to positively impact the industry and society.\",\"title\":\"<strong> Safety & Compliance<\\\/strong>\"}},{\"type\":\"grid_item\",\"props\":{\"content\":\"\",\"meta\":\"Our approach emphasizes operational efficiency, technological innovation, and responsible environmental management, aligned with global best practices.\",\"title\":\"<strong> Innovation & Efficiency<\\\/strong>\"}}]}]}]}]},{\"type\":\"section\",\"props\":{\"image_position\":\"center-center\",\"style\":\"muted\",\"title_breakpoint\":\"xl\",\"title_position\":\"top-left\",\"title_rotation\":\"left\",\"vertical_align\":\"middle\",\"width\":\"large\"},\"children\":[{\"type\":\"row\",\"props\":{\"layout\":\"1-2,1-2\"},\"children\":[{\"type\":\"column\",\"props\":{\"image_position\":\"center-center\",\"position_sticky_breakpoint\":\"m\",\"width_medium\":\"1-2\"},\"children\":[{\"type\":\"headline\",\"props\":{\"content\":\"Who We Are\",\"title_element\":\"h2\",\"title_style\":\"heading-small\"}},{\"type\":\"text\",\"props\":{\"column_breakpoint\":\"m\",\"content\":\"\n\n<p>We are Pasto Grande Group, a mining company based in Puno, Peru, dedicated to the extraction and processing of precious metals such as gold and silver. We also hold significant reserves of lithium and other strategic minerals, including lead, zinc, copper, and iron.<\\\/p>\\n\n\n<p>We operate in the highlands of the Peruvian Andes under strict quality, sustainability, and traceability standards. Our mining activities rely on owned concessions and strategic partnerships to ensure efficient and responsible resource supply.<\\\/p>\\n\n\n<p>Committed to excellence and industry development, our refined products are exclusively marketed in international markets, ensuring transparent and high-value-added processes.<\\\/p>\",\"margin\":\"default\"}},{\"type\":\"grid\",\"props\":{\"content_column_breakpoint\":\"m\",\"content_style\":\"text-small\",\"filter_align\":\"left\",\"filter_all\":true,\"filter_grid_breakpoint\":\"m\",\"filter_grid_width\":\"auto\",\"filter_position\":\"top\",\"filter_style\":\"tab\",\"grid_column_gap\":\"medium\",\"grid_default\":\"1\",\"grid_medium\":\"2\",\"grid_row_gap\":\"small\",\"icon_width\":80,\"image_align\":\"top\",\"image_grid_breakpoint\":\"m\",\"image_grid_width\":\"1-2\",\"image_svg_color\":\"emphasis\",\"item_animation\":true,\"lightbox_bg_close\":true,\"link_style\":\"default\",\"link_text\":\"Read more\",\"margin\":\"medium\",\"meta_align\":\"above-title\",\"meta_color\":\"muted\",\"meta_element\":\"div\",\"meta_style\":\"\",\"panel_padding\":\"small\",\"panel_style\":\"card-default\",\"show_content\":true,\"show_hover_image\":true,\"show_hover_video\":true,\"show_image\":true,\"show_link\":true,\"show_meta\":true,\"show_title\":true,\"show_video\":true,\"title_align\":\"top\",\"title_element\":\"h5\",\"title_grid_breakpoint\":\"m\",\"title_grid_width\":\"1-2\",\"title_hover_style\":\"reset\",\"title_margin\":\"small\",\"title_style\":\"h5\"},\"children\":[{\"type\":\"grid_item\",\"props\":{\"content\":\"\",\"meta\":\"Standards\",\"title\":\"Quality \\u2022 Sustainability \\u2022 Traceability\"}},{\"type\":\"grid_item\",\"props\":{\"content\":\"\",\"meta\":\"Model\",\"title\":\"Owned concessions + Partnerships\"}}]}]},{\"type\":\"column\",\"props\":{\"image_position\":\"center-center\",\"position_sticky_breakpoint\":\"m\",\"width_medium\":\"1-2\"},\"children\":[{\"type\":\"image\",\"props\":{\"image\":\"wp-content\\\/uploads\\\/2025\\\/10\\\/about-team.jpg\",\"image_border\":\"rounded\",\"image_svg_color\":\"emphasis\",\"margin\":\"default\"}}]}]}]},{\"type\":\"section\",\"props\":{\"image_position\":\"center-center\",\"style\":\"default\",\"title_breakpoint\":\"xl\",\"title_position\":\"top-left\",\"title_rotation\":\"left\",\"vertical_align\":\"middle\",\"width\":\"large\"},\"children\":[{\"type\":\"row\",\"children\":[{\"type\":\"column\",\"props\":{\"image_position\":\"center-center\",\"position_sticky_breakpoint\":\"m\"},\"children\":[{\"type\":\"headline\",\"props\":{\"content\":\"Mining Properties\",\"margin_remove_bottom\":true,\"title_element\":\"h2\",\"title_style\":\"heading-small\"}},{\"type\":\"text\",\"props\":{\"column_breakpoint\":\"m\",\"content\":\"\n\n<p>Pasto Grande Group owns and operates strategic mining concessions in the highlands of the Peruvian Andes, ensuring the supply of high-quality minerals. We have our own deposits of gold, silver, and lithium, along with significant resources of lead, zinc, copper, and iron.<\\\/p>\",\"margin\":\"medium\",\"margin_remove_top\":false}},{\"type\":\"grid\",\"props\":{\"content_column_breakpoint\":\"m\",\"filter_align\":\"left\",\"filter_all\":true,\"filter_grid_breakpoint\":\"m\",\"filter_grid_width\":\"auto\",\"filter_position\":\"top\",\"filter_style\":\"tab\",\"grid_default\":\"1\",\"grid_medium\":\"3\",\"icon_width\":80,\"image_align\":\"top\",\"image_grid_breakpoint\":\"m\",\"image_grid_width\":\"1-2\",\"image_svg_color\":\"emphasis\",\"item_animation\":true,\"lightbox_bg_close\":true,\"link_style\":\"default\",\"link_text\":\"Read more\",\"margin\":\"default\",\"meta_align\":\"below-title\",\"meta_element\":\"div\",\"meta_style\":\"text-meta\",\"panel_image_no_padding\":true,\"panel_padding\":\"small\",\"panel_style\":\"card-default\",\"show_content\":true,\"show_hover_image\":true,\"show_hover_video\":true,\"show_image\":true,\"show_link\":true,\"show_meta\":true,\"show_title\":true,\"show_video\":true,\"title_align\":\"top\",\"title_element\":\"h3\",\"title_grid_breakpoint\":\"m\",\"title_grid_width\":\"1-2\",\"title_hover_style\":\"reset\",\"title_style\":\"h4\"},\"children\":[{\"type\":\"grid_item\",\"props\":{\"content\":\"\n\n<p>Owned concessions in Puno with strategic partners for development.<\\\/p>\\n\n\n<p>\\u2022 Deposit type: Brine \\\/ pegmatite (update)<br \\\/>\\u2022 Status: Exploration \\u2192 Pre-development<\\\/p>\",\"image\":\"wp-content\\\/uploads\\\/2025\\\/10\\\/about-asset-1.jpg\",\"title\":\"Lithium\"}},{\"type\":\"grid_item\",\"props\":{\"content\":\"\n\n<p>Precious metals with established processing pathways.<\\\/p>\\n\n\n<p>\\u2022 Operations: High-Andean corridor<br \\\/>\\u2022 Focus: Grade control &amp; traceability<\\\/p>\",\"image\":\"wp-content\\\/uploads\\\/2025\\\/10\\\/about-asset-2.jpg\",\"title\":\"Gold & Silver\"}},{\"type\":\"grid_item\",\"props\":{\"content\":\"\n\n<p>Lead, zinc, copper (iron potential) in strategic targets.<\\\/p>\\n\n\n<p>\\u2022 Workstreams: Mapping &amp; sampling<br \\\/>\\u2022 Next step: Detailed studies<\\\/p>\",\"image\":\"wp-content\\\/uploads\\\/2025\\\/10\\\/about-asset-3.jpg\",\"title\":\"Base Metals\"}}]}]}]}]},{\"type\":\"section\",\"props\":{\"image_position\":\"center-center\",\"padding_remove_top\":false,\"style\":\"muted\",\"title_breakpoint\":\"xl\",\"title_position\":\"top-left\",\"title_rotation\":\"left\",\"vertical_align\":\"middle\",\"width\":\"large\"},\"children\":[{\"type\":\"row\",\"children\":[{\"type\":\"column\",\"props\":{\"image_position\":\"center-center\",\"position_sticky_breakpoint\":\"m\",\"style\":\"card-default\",\"vertical_align\":\"middle\"},\"children\":[{\"type\":\"fragment\",\"props\":{\"margin\":\"default\"},\"children\":[{\"type\":\"row\",\"children\":[{\"type\":\"column\",\"props\":{\"image_position\":\"center-center\",\"position_sticky_breakpoint\":\"m\",\"vertical_align\":\"middle\",\"width_medium\":\"4-5\"},\"children\":[{\"type\":\"headline\",\"props\":{\"content\":\"Work with Pasto Grande Group\",\"margin_remove_bottom\":true,\"title_element\":\"h2\",\"title_style\":\"h2\"}},{\"type\":\"text\",\"props\":{\"column_breakpoint\":\"m\",\"content\":\"Partnerships, investment, offtake agreements, and technical collaboration.\",\"margin\":\"default\",\"margin_remove_top\":true}}]},{\"type\":\"column\",\"props\":{\"image_position\":\"center-center\",\"position_sticky_breakpoint\":\"m\",\"vertical_align\":\"middle\",\"width_medium\":\"1-5\"},\"children\":[{\"type\":\"text\",\"props\":{\"column_breakpoint\":\"m\",\"content\":\"<a href=\\\"\\\/contact\\\/\\\" class=\\\"el-link uk-button uk-button-secondary\\\">Contact Us<\\\/a>\",\"margin\":\"default\",\"margin_remove_top\":false,\"text_align\":\"right\"}}]}],\"props\":{\"layout\":\"4-5,1-5\"}}]}]}]}],\"name\":\"call to action\"}],\"version\":\"4.5.28\"} --><\/p>","protected":false},"excerpt":{"rendered":"<p>About Pasto Grande Group Mining in southern Peru (Department of Puno) with a focus on lithium, gold, silver, lead, copper, and zinc \u2014 operated responsibly and sustainably. Pasto Grande Group is a mining company operating in southern Peru, specifically in the Department of Puno, a region renowned for its favorable geological conditions that facilitate the [&hellip;]<\/p>","protected":false},"author":1,"featured_media":0,"parent":0,"menu_order":0,"comment_status":"closed","ping_status":"closed","template":"","meta":{"footnotes":""},"class_list":["post-16","page","type-page","status-publish","hentry"],"_links":{"self":[{"href":"https:\/\/pastograndegroup.com\/es\/wp-json\/wp\/v2\/pages\/16","targetHints":{"allow":["GET"]}}],"collection":[{"href":"https:\/\/pastograndegroup.com\/es\/wp-json\/wp\/v2\/pages"}],"about":[{"href":"https:\/\/pastograndegroup.com\/es\/wp-json\/wp\/v2\/types\/page"}],"author":[{"embeddable":true,"href":"https:\/\/pastograndegroup.com\/es\/wp-json\/wp\/v2\/users\/1"}],"replies":[{"embeddable":true,"href":"https:\/\/pastograndegroup.com\/es\/wp-json\/wp\/v2\/comments?post=16"}],"version-history":[{"count":56,"href":"https:\/\/pastograndegroup.com\/es\/wp-json\/wp\/v2\/pages\/16\/revisions"}],"predecessor-version":[{"id":426,"href":"https:\/\/pastograndegroup.com\/es\/wp-json\/wp\/v2\/pages\/16\/revisions\/426"}],"wp:attachment":[{"href":"https:\/\/pastograndegroup.com\/es\/wp-json\/wp\/v2\/media?parent=16"}],"curies":[{"name":"wp","href":"https:\/\/api.w.org\/{rel}","templated":true}]}}