{"id":19,"date":"2022-10-18T21:14:52","date_gmt":"2022-10-18T21:14:52","guid":{"rendered":"https:\/\/pastograndelithium.com\/?page_id=19"},"modified":"2025-10-13T13:33:13","modified_gmt":"2025-10-13T13:33:13","slug":"desarrollo-social","status":"publish","type":"page","link":"https:\/\/pastograndegroup.com\/es\/desarrollo-social\/","title":{"rendered":"Desarrollo social"},"content":{"rendered":"<h1>Planes de desarrollo social<\/h1>\n<div>Construir comunidades m\u00e1s fuertes con iniciativas de futuro que fomenten el crecimiento y las oportunidades. Nuestros planes elevan las comunidades locales, crean empleo, mejoran la educaci\u00f3n y la calidad de vida.<\/div>\n<h1>Principales iniciativas<\/h1>\n<ul>\n<li>\n<h3>Gesti\u00f3n de residuos s\u00f3lidos<\/h3>\n<div>\n<p>Servicios de asesoramiento al municipio del distrito para la aplicaci\u00f3n de <strong>Gesti\u00f3n integral de residuos s\u00f3lidos<\/strong> en Mazocruz y Santa Rosa, con futura supervisi\u00f3n del municipio. Programas de capacitaci\u00f3n en Chichillapi, Cuipa-Cuipa y Punta Perdida.<\/p>\n<\/div>\n<\/li>\n<li>\n<h3>Unidades de saneamiento (UBSS)<\/h3>\n<div>\n<p><span>Instalaci\u00f3n de <\/span><strong>Unidades de saneamiento b\u00e1sico sostenible<\/strong><span> en comunidades no cubiertas por proyectos municipales, proporcionando soluciones modernas para zonas rurales con hogares dispersos.<\/span><\/p>\n<\/div>\n<\/li>\n<li>\n<h3>Infraestructura educativa<\/h3>\n<div>\n<p><span>Construcci\u00f3n de un <\/span><strong>centro educativo con internet por sat\u00e9lite<\/strong><span> ampliar el acceso a los recursos digitales y al aprendizaje.<\/span><\/p>\n<\/div>\n<\/li>\n<li>\n<h3>Oportunidades de empleo<\/h3>\n<div>\n<p>Creaci\u00f3n de nuevos puestos de trabajo para las comunidades locales, fomentando el crecimiento socioecon\u00f3mico y el desarrollo regional sostenible.<\/p>\n<\/div>\n<\/li>\n<li>\n<h3>Refugios para estudiantes<\/h3>\n<div>\n<p><span>Establecimiento de <\/span><strong>albergues para estudiantes<\/strong><span> en Cuipa-Cuipa y Punta Perdida para reducir las tasas de abandono escolar proporcionando alojamiento durante los d\u00edas lectivos.<\/span><\/p>\n<\/div>\n<\/li>\n<li>\n<h3>Iniciativas sanitarias<\/h3>\n<div>\n<p><span>Permanente <\/span><strong>campa\u00f1as de divulgaci\u00f3n m\u00e9dica<\/strong><span> coordinado con los centros de salud locales, junto con un <\/span><strong>programa integral de salud dental<\/strong><span>.<\/span><\/p>\n<\/div>\n<\/li>\n<\/ul>\n<div>\n<p>La sostenibilidad cuenta con el apoyo de los padres, la administraci\u00f3n local y la participaci\u00f3n del sector privado.<\/p>\n<\/div>\n<h1>Situaci\u00f3n y demograf\u00eda<\/h1>\n<div>\n<p>El distrito de <strong>Santa Rosa<\/strong> se encuentra en la provincia sure\u00f1a de El Collao, Puno, en la sierra peruana.<\/p>\n<\/div>\n<ul>\n<li>\n<h3>L\u00edmites<\/h3>\n<div>\n<p>- Norte: Distrito de Ilave, provincia de El Collao<br \/>- Sureste: Provincia de Candarave, Tacna<br \/>- Este: Provincia de Chucuito, Puno<br \/>- Oeste: Provincia de Mariscal Nieto, Moquegua<\/p>\n<\/div>\n<\/li>\n<li>\n<h3>Superficie y poblaci\u00f3n<\/h3>\n<div>\n<p>Superficie: 2.524 km\u00b2 - Altitud: 3.960 m.s.n.m.<\/p>\n<p>Censo 2007: 6.663 habitantes (2,6\/km\u00b2).<br \/>Censo de 2017: 3.529 habitantes (1,4\/km\u00b2).<br \/>Proyecci\u00f3n INEI 2000: 10.479 habitantes.<\/p>\n<\/div>\n<\/li>\n<li>\n<h3>Clima<\/h3>\n<div>\n<p><span>Clima fr\u00edo altoandino, con temperaturas diurnas de hasta <\/span><strong>22\u00b0C (72\u00b0F)<\/strong><span>y noches alrededor <\/span><strong>0\u00b0C (32\u00b0F)<\/strong><span>.<\/span><\/p>\n<\/div>\n<\/li>\n<li>\n<h3>Capital<\/h3>\n<div>\n<p><span>La capital del distrito es <\/span><strong>Mazocruz<\/strong><span>Establecida el 5 de febrero de 1854, ubicada en el km 220 de la carretera Moquegua-Mazocruz-Desaguadero, que une Tacna y Puno.<\/span><\/p>\n<\/div>\n<\/li>\n<\/ul>\n<p><!--more--><br \/>\n<!-- {\"type\":\"layout\",\"children\":[{\"type\":\"section\",\"props\":{\"image_position\":\"center-center\",\"padding_remove_bottom\":false,\"style\":\"default\",\"title_breakpoint\":\"xl\",\"title_position\":\"top-left\",\"title_rotation\":\"left\",\"vertical_align\":\"middle\",\"width\":\"large\"},\"children\":[{\"type\":\"row\",\"children\":[{\"type\":\"column\",\"props\":{\"image_position\":\"center-center\",\"position_sticky_breakpoint\":\"m\"},\"children\":[{\"type\":\"headline\",\"props\":{\"content\":\"Social Development Plans\",\"title_element\":\"h1\",\"title_style\":\"heading-medium\"}},{\"type\":\"text\",\"props\":{\"column_breakpoint\":\"m\",\"content\":\"Building stronger communities with forward-thinking initiatives that foster growth and opportunity. Our plans uplift local communities, create jobs, enhance education, and improve quality of life.\",\"margin\":\"default\",\"maxwidth\":\"2xlarge\"}}]}]}]},{\"type\":\"section\",\"props\":{\"image_position\":\"center-center\",\"padding\":\"small\",\"padding_remove_bottom\":false,\"style\":\"muted\",\"title_breakpoint\":\"xl\",\"title_position\":\"top-left\",\"title_rotation\":\"left\",\"vertical_align\":\"middle\",\"width\":\"large\"},\"children\":[{\"type\":\"row\",\"children\":[{\"type\":\"column\",\"props\":{\"image_position\":\"center-center\",\"position_sticky_breakpoint\":\"m\"},\"children\":[{\"type\":\"headline\",\"props\":{\"content\":\"Key Initiatives\",\"title_element\":\"h1\",\"title_style\":\"heading-small\"}},{\"type\":\"grid\",\"props\":{\"content_column_breakpoint\":\"m\",\"filter_align\":\"left\",\"filter_all\":true,\"filter_grid_breakpoint\":\"m\",\"filter_grid_width\":\"auto\",\"filter_position\":\"top\",\"filter_style\":\"tab\",\"grid_default\":\"1\",\"grid_medium\":\"2\",\"icon_width\":80,\"image_align\":\"top\",\"image_grid_breakpoint\":\"m\",\"image_grid_width\":\"1-2\",\"image_svg_color\":\"emphasis\",\"item_animation\":true,\"lightbox_bg_close\":true,\"link_style\":\"default\",\"link_text\":\"Read more\",\"margin\":\"default\",\"meta_align\":\"below-title\",\"meta_element\":\"div\",\"meta_style\":\"text-meta\",\"panel_padding\":\"small\",\"panel_style\":\"card-default\",\"show_content\":true,\"show_hover_image\":true,\"show_hover_video\":true,\"show_image\":true,\"show_link\":true,\"show_meta\":true,\"show_title\":true,\"show_video\":true,\"title_align\":\"top\",\"title_element\":\"h3\",\"title_grid_breakpoint\":\"m\",\"title_grid_width\":\"1-2\",\"title_hover_style\":\"reset\"},\"children\":[{\"type\":\"grid_item\",\"props\":{\"content\":\"\n\n<p>Advisory services to the district municipality for implementing <strong>Comprehensive Solid Waste Management<\\\/strong> in Mazocruz and Santa Rosa, with future oversight by the municipality. Training programs in Chichillapi, Cuipa-Cuipa, and Punta Perdida.<\\\/p>\",\"title\":\"Solid Waste Management\"}},{\"type\":\"grid_item\",\"props\":{\"content\":\"\n\n<p><span>Installation of <\\\/span><strong>Sustainable Basic Sanitation Units<\\\/strong><span> in communities not covered by municipal projects, providing modern solutions for rural areas with dispersed households.<\\\/span><\\\/p>\",\"title\":\"Sanitation Units (UBSS)\"}},{\"type\":\"grid_item\",\"props\":{\"content\":\"\n\n<p><span>Construction of an <\\\/span><strong>educational center with satellite internet<\\\/strong><span> to expand access to digital resources and learning.<\\\/span><\\\/p>\",\"title\":\"Educational Infrastructure\"}},{\"type\":\"grid_item\",\"props\":{\"content\":\"\n\n<p>Creation of new jobs for local communities, promoting socioeconomic growth and sustainable regional development.<\\\/p>\",\"title\":\"Employment Opportunities\"}},{\"type\":\"grid_item\",\"props\":{\"content\":\"\n\n<p><span>Establishment of <\\\/span><strong>student shelters<\\\/strong><span> in Cuipa-Cuipa and Punta Perdida to reduce school dropout rates by providing accommodation during school days.<\\\/span><\\\/p>\",\"title\":\"Student Shelters\"}},{\"type\":\"grid_item\",\"props\":{\"content\":\"\n\n<p><span>Permanent <\\\/span><strong>medical outreach campaigns<\\\/strong><span> coordinated with local health centers, alongside a <\\\/span><strong>comprehensive dental health program<\\\/strong><span>.<\\\/span><\\\/p>\",\"title\":\"Healthcare Initiatives\"}}]},{\"type\":\"text\",\"props\":{\"column_breakpoint\":\"m\",\"content\":\"\n\n<p>Sustainability is supported by parents, local government, and private sector involvement.<\\\/p>\",\"margin\":\"default\"}}]}]}]},{\"type\":\"section\",\"props\":{\"image_position\":\"center-center\",\"padding\":\"small\",\"padding_remove_bottom\":false,\"style\":\"default\",\"title_breakpoint\":\"xl\",\"title_position\":\"top-left\",\"title_rotation\":\"left\",\"vertical_align\":\"middle\",\"width\":\"large\"},\"children\":[{\"type\":\"row\",\"children\":[{\"type\":\"column\",\"props\":{\"image_position\":\"center-center\",\"position_sticky_breakpoint\":\"m\"},\"children\":[{\"type\":\"headline\",\"props\":{\"content\":\"Location & Demographics\",\"title_element\":\"h1\",\"title_style\":\"heading-small\"}},{\"type\":\"text\",\"props\":{\"column_breakpoint\":\"m\",\"content\":\"\n\n<p>The district of <strong>Santa Rosa<\\\/strong> is located in the southern province of El Collao, Puno, in the Peruvian highlands.<\\\/p>\",\"margin\":\"default\"}},{\"type\":\"grid\",\"props\":{\"content_column_breakpoint\":\"m\",\"filter_align\":\"left\",\"filter_all\":true,\"filter_grid_breakpoint\":\"m\",\"filter_grid_width\":\"auto\",\"filter_position\":\"top\",\"filter_style\":\"tab\",\"grid_default\":\"1\",\"grid_medium\":\"2\",\"icon_width\":80,\"image_align\":\"top\",\"image_grid_breakpoint\":\"m\",\"image_grid_width\":\"1-2\",\"image_svg_color\":\"emphasis\",\"item_animation\":true,\"lightbox_bg_close\":true,\"link_style\":\"default\",\"link_text\":\"Read more\",\"margin\":\"default\",\"meta_align\":\"below-title\",\"meta_element\":\"div\",\"meta_style\":\"text-meta\",\"panel_padding\":\"small\",\"panel_style\":\"card-default\",\"show_content\":true,\"show_hover_image\":true,\"show_hover_video\":true,\"show_image\":true,\"show_link\":true,\"show_meta\":true,\"show_title\":true,\"show_video\":true,\"title_align\":\"top\",\"title_element\":\"h3\",\"title_grid_breakpoint\":\"m\",\"title_grid_width\":\"1-2\",\"title_hover_style\":\"reset\"},\"children\":[{\"type\":\"grid_item\",\"props\":{\"content\":\"\n\n<p>\\u2022 North: Ilave district, province of El Collao<br \\\/>\\u2022 Southeast: Province of Candarave, Tacna<br \\\/>\\u2022 East: Province of Chucuito, Puno<br \\\/>\\u2022 West: Province of Mariscal Nieto, Moquegua<\\\/p>\",\"title\":\"Boundaries\"}},{\"type\":\"grid_item\",\"props\":{\"content\":\"\n\n<p>Area: 2,524 km\\u00b2 \\u2022 Altitude: 3,960 m.a.s.l.<\\\/p>\\n\n\n<p>2007 Census: 6,663 inhabitants (2.6\\\/km\\u00b2).<br \\\/>2017 Census: 3,529 inhabitants (1.4\\\/km\\u00b2).<br \\\/>INEI 2000 projection: 10,479 inhabitants.<\\\/p>\",\"title\":\"Area & Population\"}},{\"type\":\"grid_item\",\"props\":{\"content\":\"\n\n<p><span>Cold high-Andean climate, with daytime temperatures up to <\\\/span><strong>22\\u00b0C (72\\u00b0F)<\\\/strong><span>and nights around <\\\/span><strong>0\\u00b0C (32\\u00b0F)<\\\/strong><span>.<\\\/span><\\\/p>\",\"title\":\"Climate\"}},{\"type\":\"grid_item\",\"props\":{\"content\":\"\n\n<p><span>The district capital is <\\\/span><strong>Mazocruz<\\\/strong><span>, established on February 5, 1854, located at km 220 of the Moquegua\\u2013Mazocruz\\u2013Desaguadero highway, connecting Tacna and Puno.<\\\/span><\\\/p>\",\"title\":\"Capital\"}}]}]}]}]}],\"version\":\"4.5.28\"} --><\/p>","protected":false},"excerpt":{"rendered":"<p>Social Development Plans Building stronger communities with forward-thinking initiatives that foster growth and opportunity. Our plans uplift local communities, create jobs, enhance education, and improve quality of life. Key Initiatives Solid Waste Management Advisory services to the district municipality for implementing Comprehensive Solid Waste Management in Mazocruz and Santa Rosa, with future oversight by the [&hellip;]<\/p>","protected":false},"author":1,"featured_media":0,"parent":0,"menu_order":0,"comment_status":"closed","ping_status":"closed","template":"","meta":{"footnotes":""},"class_list":["post-19","page","type-page","status-publish","hentry"],"_links":{"self":[{"href":"https:\/\/pastograndegroup.com\/es\/wp-json\/wp\/v2\/pages\/19","targetHints":{"allow":["GET"]}}],"collection":[{"href":"https:\/\/pastograndegroup.com\/es\/wp-json\/wp\/v2\/pages"}],"about":[{"href":"https:\/\/pastograndegroup.com\/es\/wp-json\/wp\/v2\/types\/page"}],"author":[{"embeddable":true,"href":"https:\/\/pastograndegroup.com\/es\/wp-json\/wp\/v2\/users\/1"}],"replies":[{"embeddable":true,"href":"https:\/\/pastograndegroup.com\/es\/wp-json\/wp\/v2\/comments?post=19"}],"version-history":[{"count":48,"href":"https:\/\/pastograndegroup.com\/es\/wp-json\/wp\/v2\/pages\/19\/revisions"}],"predecessor-version":[{"id":437,"href":"https:\/\/pastograndegroup.com\/es\/wp-json\/wp\/v2\/pages\/19\/revisions\/437"}],"wp:attachment":[{"href":"https:\/\/pastograndegroup.com\/es\/wp-json\/wp\/v2\/media?parent=19"}],"curies":[{"name":"wp","href":"https:\/\/api.w.org\/{rel}","templated":true}]}}